{"id":2604,"date":"2024-01-30T19:12:44","date_gmt":"2024-01-30T19:12:44","guid":{"rendered":"https:\/\/litolopez.com\/qualite-et-environnement\/"},"modified":"2025-02-11T09:43:45","modified_gmt":"2025-02-11T09:43:45","slug":"qualite-et-environnement","status":"publish","type":"page","link":"https:\/\/litolopez.com\/fr\/qualite-et-environnement\/","title":{"rendered":"Qualit\u00e9 et environnement"},"content":{"rendered":"\t\t<div data-elementor-type=\"wp-page\" data-elementor-id=\"2604\" class=\"elementor elementor-2604 elementor-703\" data-elementor-post-type=\"page\">\n\t\t\t\t<div class=\"elementor-element elementor-element-4837bcbd e-con-full e-flex e-con e-parent\" data-id=\"4837bcbd\" data-element_type=\"container\" data-e-type=\"container\">\n\t\t\t\t<div class=\"elementor-element elementor-element-75de479f elementor-widget elementor-widget-heading\" data-id=\"75de479f\" data-element_type=\"widget\" data-e-type=\"widget\" data-widget_type=\"heading.default\">\n\t\t\t\t<div class=\"elementor-widget-container\">\n\t\t\t\t\t<h3 class=\"elementor-heading-title elementor-size-default\">Engagement en faveur de l'environnement<\/h3>\t\t\t\t<\/div>\n\t\t\t\t<\/div>\n\t\t\t\t<div class=\"elementor-element elementor-element-69af75a8 elementor-widget elementor-widget-text-editor\" data-id=\"69af75a8\" data-element_type=\"widget\" data-e-type=\"widget\" data-widget_type=\"text-editor.default\">\n\t\t\t\t<div class=\"elementor-widget-container\">\n\t\t\t\t\t\t\t\t\t<p>Nous visons \u00e0 \u00eatre une entreprise durable dont l&rsquo;objectif est de cr\u00e9er de la valeur \u00e9conomique, environnementale et sociale \u00e0 court et \u00e0 long terme, contribuant ainsi \u00e0 l&rsquo;am\u00e9lioration du bien-\u00eatre et du progr\u00e8s des g\u00e9n\u00e9rations actuelles et futures. Compte tenu de notre taille et notre capacit\u00e9 en tant qu&rsquo;organisation, nous sommes convaincus d&rsquo;agir de mani\u00e8re responsable et durable dans la mesure de nos possibilit\u00e9s.<\/p>\n\t\t\t\t\t\t\t\t<\/div>\n\t\t\t\t<\/div>\n\t\t\t\t<\/div>\n\t\t<div class=\"elementor-element elementor-element-078ee77 e-con-full e-flex e-con e-parent\" data-id=\"078ee77\" data-element_type=\"container\" data-e-type=\"container\" data-settings=\"{&quot;background_background&quot;:&quot;classic&quot;}\">\n\t\t\t\t<\/div>\n\t\t<div class=\"elementor-element elementor-element-0c9993f e-flex e-con-boxed e-con e-parent\" data-id=\"0c9993f\" data-element_type=\"container\" data-e-type=\"container\">\n\t\t\t\t\t<div class=\"e-con-inner\">\n\t\t<div class=\"elementor-element elementor-element-919e01a e-con-full e-flex e-con e-child\" data-id=\"919e01a\" data-element_type=\"container\" data-e-type=\"container\" data-settings=\"{&quot;background_background&quot;:&quot;classic&quot;,&quot;background_motion_fx_motion_fx_scrolling&quot;:&quot;yes&quot;,&quot;background_motion_fx_scale_effect&quot;:&quot;yes&quot;,&quot;background_motion_fx_scale_direction&quot;:&quot;in-out&quot;,&quot;background_motion_fx_scale_speed&quot;:{&quot;unit&quot;:&quot;px&quot;,&quot;size&quot;:4,&quot;sizes&quot;:[]},&quot;background_motion_fx_scale_range&quot;:{&quot;unit&quot;:&quot;%&quot;,&quot;size&quot;:&quot;&quot;,&quot;sizes&quot;:{&quot;start&quot;:20,&quot;end&quot;:80}},&quot;background_motion_fx_devices&quot;:[&quot;desktop&quot;,&quot;laptop&quot;,&quot;tablet&quot;,&quot;mobile&quot;]}\">\n\t\t\t\t<\/div>\n\t\t<div class=\"elementor-element elementor-element-c42afe8 e-con-full e-flex e-con e-child\" data-id=\"c42afe8\" data-element_type=\"container\" data-e-type=\"container\">\n\t\t\t\t<div class=\"elementor-element elementor-element-1b58650 elementor-widget__width-initial elementor-widget elementor-widget-text-editor\" data-id=\"1b58650\" data-element_type=\"widget\" data-e-type=\"widget\" data-widget_type=\"text-editor.default\">\n\t\t\t\t<div class=\"elementor-widget-container\">\n\t\t\t\t\t\t\t\t\t<p>Nous disposons de la certification reconnue <b>FSC\u00ae<\/b>, qui garantit notre engagement en faveur d&rsquo;une bonne gestion foresti\u00e8re, et d&rsquo;un syst\u00e8me de <b>gestion des d\u00e9chets<\/b> permettant un tri s\u00e9lectif correct des d\u00e9chets. Nous nous engageons \u00e0 promouvoir le <b>d\u00e9veloppement durable<\/b> des for\u00eats et \u00e0 respecter la protection et l&rsquo;entretien de l&rsquo;environnement. Nous nous engageons \u00e0 fournir \u00e0 nos clients des produits finis qui contribuent toujours \u00e0 s\u00e9curiser la cha\u00eene de contr\u00f4le gr\u00e2ce \u00e0 des <b>processus responsables<\/b>.<\/p>\n\t\t\t\t\t\t\t\t<\/div>\n\t\t\t\t<\/div>\n\t\t\t\t<div class=\"elementor-element elementor-element-f0ebcad elementor-widget__width-initial elementor-hidden-desktop elementor-hidden-tablet elementor-widget elementor-widget-image\" data-id=\"f0ebcad\" data-element_type=\"widget\" data-e-type=\"widget\" data-widget_type=\"image.default\">\n\t\t\t\t<div class=\"elementor-widget-container\">\n\t\t\t\t\t\t\t\t\t\t\t\t\t\t\t\t<a href=\"https:\/\/litolopez.com\/wp-content\/uploads\/2024\/02\/CERTIFICADO-2021-ENG.pdf\">\n\t\t\t\t\t\t\t<img fetchpriority=\"high\" decoding=\"async\" width=\"419\" height=\"656\" src=\"https:\/\/litolopez.com\/wp-content\/uploads\/2024\/03\/logo_fsc_ok.jpg\" class=\"attachment-large size-large wp-image-2822\" alt=\"\" srcset=\"https:\/\/litolopez.com\/wp-content\/uploads\/2024\/03\/logo_fsc_ok.jpg 419w, https:\/\/litolopez.com\/wp-content\/uploads\/2024\/03\/logo_fsc_ok-192x300.jpg 192w\" sizes=\"(max-width: 419px) 100vw, 419px\" \/>\t\t\t\t\t\t\t\t<\/a>\n\t\t\t\t\t\t\t\t\t\t\t\t\t\t\t<\/div>\n\t\t\t\t<\/div>\n\t\t\t\t<\/div>\n\t\t\t\t<div class=\"elementor-element elementor-element-062270f elementor-widget__width-initial elementor-hidden-mobile elementor-widget elementor-widget-image\" data-id=\"062270f\" data-element_type=\"widget\" data-e-type=\"widget\" data-widget_type=\"image.default\">\n\t\t\t\t<div class=\"elementor-widget-container\">\n\t\t\t\t\t\t\t\t\t\t\t\t\t\t\t\t<a href=\"https:\/\/litolopez.com\/wp-content\/uploads\/2024\/02\/CERTIFICADO-2021-ENG.pdf\">\n\t\t\t\t\t\t\t<img fetchpriority=\"high\" decoding=\"async\" width=\"419\" height=\"656\" src=\"https:\/\/litolopez.com\/wp-content\/uploads\/2024\/03\/logo_fsc_ok.jpg\" class=\"attachment-large size-large wp-image-2822\" alt=\"\" srcset=\"https:\/\/litolopez.com\/wp-content\/uploads\/2024\/03\/logo_fsc_ok.jpg 419w, https:\/\/litolopez.com\/wp-content\/uploads\/2024\/03\/logo_fsc_ok-192x300.jpg 192w\" sizes=\"(max-width: 419px) 100vw, 419px\" \/>\t\t\t\t\t\t\t\t<\/a>\n\t\t\t\t\t\t\t\t\t\t\t\t\t\t\t<\/div>\n\t\t\t\t<\/div>\n\t\t\t\t\t<\/div>\n\t\t\t\t<\/div>\n\t\t<div class=\"elementor-element elementor-element-a32bd0c e-flex e-con-boxed e-con e-parent\" data-id=\"a32bd0c\" data-element_type=\"container\" data-e-type=\"container\">\n\t\t\t\t\t<div class=\"e-con-inner\">\n\t\t<div class=\"elementor-element elementor-element-61b9374 e-con-full e-flex e-con e-child\" data-id=\"61b9374\" data-element_type=\"container\" data-e-type=\"container\" data-settings=\"{&quot;background_background&quot;:&quot;classic&quot;,&quot;background_motion_fx_motion_fx_scrolling&quot;:&quot;yes&quot;,&quot;background_motion_fx_scale_effect&quot;:&quot;yes&quot;,&quot;background_motion_fx_scale_direction&quot;:&quot;in-out&quot;,&quot;background_motion_fx_scale_speed&quot;:{&quot;unit&quot;:&quot;px&quot;,&quot;size&quot;:4,&quot;sizes&quot;:[]},&quot;background_motion_fx_scale_range&quot;:{&quot;unit&quot;:&quot;%&quot;,&quot;size&quot;:&quot;&quot;,&quot;sizes&quot;:{&quot;start&quot;:20,&quot;end&quot;:80}},&quot;background_motion_fx_devices&quot;:[&quot;desktop&quot;,&quot;laptop&quot;,&quot;tablet&quot;,&quot;mobile&quot;]}\">\n\t\t\t\t<\/div>\n\t\t<div class=\"elementor-element elementor-element-9191d8a e-con-full e-flex e-con e-child\" data-id=\"9191d8a\" data-element_type=\"container\" data-e-type=\"container\">\n\t\t\t\t<div class=\"elementor-element elementor-element-823424e elementor-widget__width-initial elementor-widget elementor-widget-text-editor\" data-id=\"823424e\" data-element_type=\"widget\" data-e-type=\"widget\" data-widget_type=\"text-editor.default\">\n\t\t\t\t<div class=\"elementor-widget-container\">\n\t\t\t\t\t\t\t\t\t<p>Nous sommes certifi\u00e9s <strong>Imprim&rsquo;Vert\u00ae<\/strong>, ce qui reconna\u00eet notre engagement \u00e0 r\u00e9duire l&rsquo;impact environnemental dans l&rsquo;industrie de l&rsquo;imprimerie.<br \/>Nous appliquons un syst\u00e8me de gestion strict pour l&rsquo;\u00e9limination correcte des d\u00e9chets dangereux, le stockage s\u00fbr des produits et l&rsquo;optimisation de la consommation d&rsquo;\u00e9nergie.<br \/>Nous nous engageons \u00e0 promouvoir des processus d&rsquo;impression plus durables et plus respectueux de l&rsquo;environnement.<br \/>Nous nous effor\u00e7ons d&rsquo;offrir \u00e0 nos clients des produits finis portant le label de garantie <strong>Imprim&rsquo;Vert\u00ae<\/strong>, garantissant des pratiques respectueuses de l&rsquo;environnement \u00e0 chaque \u00e9tape de la production.<\/p>\t\t\t\t\t\t\t\t<\/div>\n\t\t\t\t<\/div>\n\t\t\t\t<\/div>\n\t\t\t\t\t<\/div>\n\t\t\t\t<\/div>\n\t\t<div class=\"elementor-element elementor-element-f37a8bf e-con-full e-flex e-con e-parent\" data-id=\"f37a8bf\" data-element_type=\"container\" data-e-type=\"container\">\n\t\t\t\t<div class=\"elementor-element elementor-element-98765a3 elementor-widget elementor-widget-heading\" data-id=\"98765a3\" data-element_type=\"widget\" data-e-type=\"widget\" data-widget_type=\"heading.default\">\n\t\t\t\t<div class=\"elementor-widget-container\">\n\t\t\t\t\t<h3 class=\"elementor-heading-title elementor-size-default\">Promouvoir le d\u00e9veloppement durable:\n<br>le conseil en mat\u00e9riaux \u00e9coconscients<\/h3>\t\t\t\t<\/div>\n\t\t\t\t<\/div>\n\t\t\t\t<div class=\"elementor-element elementor-element-19c35f6 elementor-widget elementor-widget-text-editor\" data-id=\"19c35f6\" data-element_type=\"widget\" data-e-type=\"widget\" data-widget_type=\"text-editor.default\">\n\t\t\t\t<div class=\"elementor-widget-container\">\n\t\t\t\t\t\t\t\t\t<p>Nous conseillons nos clients dans leur recherche de solutions d&#8217;emballage conformes aux tendances actuelles du march\u00e9 en mati\u00e8re de durabilit\u00e9.<\/p>\n<p>Nous comprenons l&rsquo;importance d&rsquo;adopter des pratiques respectueuses de l&rsquo;environnement \u00e0 tous les stades de la production et de la conception. C\u2019est pourquoi nous nous effor\u00e7ons d\u2019identifier <strong>des mat\u00e9riaux durables<\/strong>, <strong>des processus de fabrication respectueux de l\u2019environnement<\/strong> et des solutions d\u2019emballage qui minimisent l\u2019impact sur l\u2019environnement sans compromettre l\u2019esth\u00e9tique, le design et l\u2019attrait visuel attendus, satisfaisant ainsi les besoins esth\u00e9tiques et fonctionnels de nos clients et contribuant au d\u00e9veloppement de produits durablestout en contribuant au<span style=\"letter-spacing: 0px;\">tout en contribuant au bien-\u00eatre de notre plan\u00e8te.<\/span><\/p>\n<p>Nous offrons des conseils sur l&rsquo;approvisionnement et l&rsquo;utilisation de mat\u00e9riaux durables et recycl\u00e9s et de papiers \u00e0 base de fibres naturelles en \u00e9troite collaboration avec nos fournisseurs.<\/p>\n\t\t\t\t\t\t\t\t<\/div>\n\t\t\t\t<\/div>\n\t\t\t\t<\/div>\n\t\t\t\t<section class=\"elementor-section elementor-top-section elementor-element elementor-element-6abc4d45 elementor-section-boxed elementor-section-height-default elementor-section-height-default\" data-id=\"6abc4d45\" data-element_type=\"section\" data-e-type=\"section\">\n\t\t\t\t\t\t<div class=\"elementor-container elementor-column-gap-wider\">\n\t\t\t\t\t<div class=\"elementor-column elementor-col-100 elementor-top-column elementor-element elementor-element-2c3cea1d\" data-id=\"2c3cea1d\" data-element_type=\"column\" data-e-type=\"column\">\n\t\t\t<div class=\"elementor-widget-wrap elementor-element-populated\">\n\t\t\t\t\t\t<div class=\"elementor-element elementor-element-42fd2196 elementor-widget elementor-widget-gallery\" data-id=\"42fd2196\" data-element_type=\"widget\" data-e-type=\"widget\" data-settings=\"{&quot;overlay_title&quot;:&quot;caption&quot;,&quot;overlay_description&quot;:&quot;description&quot;,&quot;image_hover_animation&quot;:&quot;move-contained-right&quot;,&quot;gallery_layout&quot;:&quot;masonry&quot;,&quot;gap&quot;:{&quot;unit&quot;:&quot;px&quot;,&quot;size&quot;:37,&quot;sizes&quot;:[]},&quot;columns&quot;:3,&quot;lazyload&quot;:&quot;yes&quot;,&quot;columns_tablet&quot;:2,&quot;columns_mobile&quot;:1,&quot;gap_laptop&quot;:{&quot;unit&quot;:&quot;px&quot;,&quot;size&quot;:10,&quot;sizes&quot;:[]},&quot;gap_tablet&quot;:{&quot;unit&quot;:&quot;px&quot;,&quot;size&quot;:10,&quot;sizes&quot;:[]},&quot;gap_mobile&quot;:{&quot;unit&quot;:&quot;px&quot;,&quot;size&quot;:10,&quot;sizes&quot;:[]},&quot;overlay_background&quot;:&quot;yes&quot;,&quot;content_hover_animation&quot;:&quot;fade-in&quot;}\" data-widget_type=\"gallery.default\">\n\t\t\t\t<div class=\"elementor-widget-container\">\n\t\t\t\t\t\t\t<div class=\"elementor-gallery__container\">\n\t\t\t\t\t\t\t<div class=\"e-gallery-item elementor-gallery-item elementor-animated-content\" tabindex=\"0\">\n\t\t\t\t\t<div class=\"e-gallery-image elementor-gallery-item__image\" data-thumbnail=\"https:\/\/litolopez.com\/wp-content\/uploads\/2024\/02\/zara-home-2-copia-768x768.jpg\" data-width=\"768\" data-height=\"768\" aria-label=\"\" role=\"img\" ><\/div>\n\t\t\t\t\t\t\t\t\t\t\t<div class=\"elementor-gallery-item__overlay\"><\/div>\n\t\t\t\t\t\t\t\t\t\t\t\t\t\t\t<div class=\"elementor-gallery-item__content\">\n\t\t\t\t\t\t\t\t\t\t\t<\/div>\n\t\t\t\t\t\t\t\t\t<\/div>\n\t\t\t\t\t\t\t<div class=\"e-gallery-item elementor-gallery-item elementor-animated-content\" tabindex=\"0\">\n\t\t\t\t\t<div class=\"e-gallery-image elementor-gallery-item__image\" data-thumbnail=\"https:\/\/litolopez.com\/wp-content\/uploads\/2024\/02\/MATERIALS03-768x805.jpg\" data-width=\"768\" data-height=\"805\" aria-label=\"\" role=\"img\" ><\/div>\n\t\t\t\t\t\t\t\t\t\t\t<div class=\"elementor-gallery-item__overlay\"><\/div>\n\t\t\t\t\t\t\t\t\t\t\t\t\t\t\t<div class=\"elementor-gallery-item__content\">\n\t\t\t\t\t\t\t\t\t\t\t<\/div>\n\t\t\t\t\t\t\t\t\t<\/div>\n\t\t\t\t\t\t\t<div class=\"e-gallery-item elementor-gallery-item elementor-animated-content\" tabindex=\"0\">\n\t\t\t\t\t<div class=\"e-gallery-image elementor-gallery-item__image\" data-thumbnail=\"https:\/\/litolopez.com\/wp-content\/uploads\/2024\/02\/MATERIALS01-768x592.jpg\" data-width=\"768\" data-height=\"592\" aria-label=\"\" role=\"img\" ><\/div>\n\t\t\t\t\t\t\t\t\t\t\t<div class=\"elementor-gallery-item__overlay\"><\/div>\n\t\t\t\t\t\t\t\t\t\t\t\t\t\t\t<div class=\"elementor-gallery-item__content\">\n\t\t\t\t\t\t\t\t\t\t\t<\/div>\n\t\t\t\t\t\t\t\t\t<\/div>\n\t\t\t\t\t\t\t<div class=\"e-gallery-item elementor-gallery-item elementor-animated-content\" tabindex=\"0\">\n\t\t\t\t\t<div class=\"e-gallery-image elementor-gallery-item__image\" data-thumbnail=\"https:\/\/litolopez.com\/wp-content\/uploads\/2024\/02\/MATERIALS06-768x696.jpg\" data-width=\"768\" data-height=\"696\" aria-label=\"\" role=\"img\" ><\/div>\n\t\t\t\t\t\t\t\t\t\t\t<div class=\"elementor-gallery-item__overlay\"><\/div>\n\t\t\t\t\t\t\t\t\t\t\t\t\t\t\t<div class=\"elementor-gallery-item__content\">\n\t\t\t\t\t\t\t\t\t\t\t<\/div>\n\t\t\t\t\t\t\t\t\t<\/div>\n\t\t\t\t\t\t\t<div class=\"e-gallery-item elementor-gallery-item elementor-animated-content\" tabindex=\"0\">\n\t\t\t\t\t<div class=\"e-gallery-image elementor-gallery-item__image\" data-thumbnail=\"https:\/\/litolopez.com\/wp-content\/uploads\/2024\/02\/MATERIALS04-768x719.jpg\" data-width=\"768\" data-height=\"719\" aria-label=\"\" role=\"img\" ><\/div>\n\t\t\t\t\t\t\t\t\t\t\t<div class=\"elementor-gallery-item__overlay\"><\/div>\n\t\t\t\t\t\t\t\t\t\t\t\t\t\t\t<div class=\"elementor-gallery-item__content\">\n\t\t\t\t\t\t\t\t\t\t\t<\/div>\n\t\t\t\t\t\t\t\t\t<\/div>\n\t\t\t\t\t\t\t<div class=\"e-gallery-item elementor-gallery-item elementor-animated-content\" tabindex=\"0\">\n\t\t\t\t\t<div class=\"e-gallery-image elementor-gallery-item__image\" data-thumbnail=\"https:\/\/litolopez.com\/wp-content\/uploads\/2024\/02\/MATERIALS02-768x682.jpg\" data-width=\"768\" data-height=\"682\" aria-label=\"\" role=\"img\" ><\/div>\n\t\t\t\t\t\t\t\t\t\t\t<div class=\"elementor-gallery-item__overlay\"><\/div>\n\t\t\t\t\t\t\t\t\t\t\t\t\t\t\t<div class=\"elementor-gallery-item__content\">\n\t\t\t\t\t\t\t\t\t\t\t<\/div>\n\t\t\t\t\t\t\t\t\t<\/div>\n\t\t\t\t\t<\/div>\n\t\t\t\t\t<\/div>\n\t\t\t\t<\/div>\n\t\t\t\t\t<\/div>\n\t\t<\/div>\n\t\t\t\t\t<\/div>\n\t\t<\/section>\n\t\t<div class=\"elementor-element elementor-element-e799653 e-con-full e-flex e-con e-parent\" data-id=\"e799653\" data-element_type=\"container\" data-e-type=\"container\">\n\t\t\t\t<div class=\"elementor-element elementor-element-4c39f070 elementor-widget elementor-widget-heading\" data-id=\"4c39f070\" data-element_type=\"widget\" data-e-type=\"widget\" data-widget_type=\"heading.default\">\n\t\t\t\t<div class=\"elementor-widget-container\">\n\t\t\t\t\t<h3 class=\"elementor-heading-title elementor-size-default\">L'engagement pour la qualit\u00e9<\/h3>\t\t\t\t<\/div>\n\t\t\t\t<\/div>\n\t\t\t\t<\/div>\n\t\t<div class=\"elementor-element elementor-element-f447a43 e-flex e-con-boxed e-con e-parent\" data-id=\"f447a43\" data-element_type=\"container\" data-e-type=\"container\">\n\t\t\t\t\t<div class=\"e-con-inner\">\n\t\t<div class=\"elementor-element elementor-element-1b1f9ec e-con-full e-flex e-con e-child\" data-id=\"1b1f9ec\" data-element_type=\"container\" data-e-type=\"container\">\n\t\t\t\t<div class=\"elementor-element elementor-element-57d8d92 elementor-widget elementor-widget-text-editor\" data-id=\"57d8d92\" data-element_type=\"widget\" data-e-type=\"widget\" data-widget_type=\"text-editor.default\">\n\t\t\t\t<div class=\"elementor-widget-container\">\n\t\t\t\t\t\t\t\t\t<p>Chez Litograf\u00eda Jos\u00e9 L\u00f3pez, nous nous engageons \u00e0 travailler \u00e0 la gestion de la qualit\u00e9 et \u00e0 l&rsquo;am\u00e9lioration continue conform\u00e9ment aux exigences de la norme internationale <b>ISO 9001\/2015<\/b>, en recherchant toujours la satisfaction de nos clients.<\/p>\n\t\t\t\t\t\t\t\t<\/div>\n\t\t\t\t<\/div>\n\t\t\t\t<\/div>\n\t\t<div class=\"elementor-element elementor-element-5cf0cb6 e-con-full e-flex e-con e-child\" data-id=\"5cf0cb6\" data-element_type=\"container\" data-e-type=\"container\">\n\t\t\t\t<div class=\"elementor-element elementor-element-2121992 elementor-widget elementor-widget-image\" data-id=\"2121992\" data-element_type=\"widget\" data-e-type=\"widget\" data-widget_type=\"image.default\">\n\t\t\t\t<div class=\"elementor-widget-container\">\n\t\t\t\t\t\t\t\t\t\t\t\t\t\t\t\t<a href=\"https:\/\/litolopez.com\/wp-content\/uploads\/2024\/02\/CERTIFICADO-2023.pdf\" target=\"_blank\" rel=\"nofollow\">\n\t\t\t\t\t\t\t<img decoding=\"async\" width=\"800\" height=\"386\" src=\"https:\/\/litolopez.com\/wp-content\/uploads\/2024\/02\/ISO-9001-RGB-1024x494.png\" class=\"attachment-large size-large wp-image-2503\" alt=\"\" srcset=\"https:\/\/litolopez.com\/wp-content\/uploads\/2024\/02\/ISO-9001-RGB-1024x494.png 1024w, https:\/\/litolopez.com\/wp-content\/uploads\/2024\/02\/ISO-9001-RGB-300x145.png 300w, https:\/\/litolopez.com\/wp-content\/uploads\/2024\/02\/ISO-9001-RGB-768x371.png 768w, https:\/\/litolopez.com\/wp-content\/uploads\/2024\/02\/ISO-9001-RGB-1536x742.png 1536w, https:\/\/litolopez.com\/wp-content\/uploads\/2024\/02\/ISO-9001-RGB-2048x989.png 2048w\" sizes=\"(max-width: 800px) 100vw, 800px\" \/>\t\t\t\t\t\t\t\t<\/a>\n\t\t\t\t\t\t\t\t\t\t\t\t\t\t\t<\/div>\n\t\t\t\t<\/div>\n\t\t\t\t<\/div>\n\t\t\t\t\t<\/div>\n\t\t\t\t<\/div>\n\t\t<div class=\"elementor-element elementor-element-511d1fc8 e-con-full e-flex e-con e-parent\" data-id=\"511d1fc8\" data-element_type=\"container\" data-e-type=\"container\" data-settings=\"{&quot;background_background&quot;:&quot;classic&quot;}\">\n\t\t\t\t<\/div>\n\t\t\t\t<\/div>\n\t\t","protected":false},"excerpt":{"rendered":"<p>Engagement en faveur de l&rsquo;environnement Nous visons \u00e0 \u00eatre une entreprise durable dont l&rsquo;objectif est de cr\u00e9er de la valeur \u00e9conomique, environnementale et sociale \u00e0 court et \u00e0 long terme, contribuant ainsi \u00e0 l&rsquo;am\u00e9lioration du bien-\u00eatre et du progr\u00e8s des g\u00e9n\u00e9rations actuelles et futures. Compte tenu de notre taille et notre capacit\u00e9 en tant qu&rsquo;organisation, [&hellip;]<\/p>\n","protected":false},"author":1,"featured_media":0,"parent":0,"menu_order":0,"comment_status":"closed","ping_status":"closed","template":"","meta":{"footnotes":""},"class_list":["post-2604","page","type-page","status-publish","hentry"],"_links":{"self":[{"href":"https:\/\/litolopez.com\/fr\/wp-json\/wp\/v2\/pages\/2604","targetHints":{"allow":["GET"]}}],"collection":[{"href":"https:\/\/litolopez.com\/fr\/wp-json\/wp\/v2\/pages"}],"about":[{"href":"https:\/\/litolopez.com\/fr\/wp-json\/wp\/v2\/types\/page"}],"author":[{"embeddable":true,"href":"https:\/\/litolopez.com\/fr\/wp-json\/wp\/v2\/users\/1"}],"replies":[{"embeddable":true,"href":"https:\/\/litolopez.com\/fr\/wp-json\/wp\/v2\/comments?post=2604"}],"version-history":[{"count":20,"href":"https:\/\/litolopez.com\/fr\/wp-json\/wp\/v2\/pages\/2604\/revisions"}],"predecessor-version":[{"id":2964,"href":"https:\/\/litolopez.com\/fr\/wp-json\/wp\/v2\/pages\/2604\/revisions\/2964"}],"wp:attachment":[{"href":"https:\/\/litolopez.com\/fr\/wp-json\/wp\/v2\/media?parent=2604"}],"curies":[{"name":"wp","href":"https:\/\/api.w.org\/{rel}","templated":true}]}}