{"id":2628,"date":"2024-02-18T08:58:56","date_gmt":"2024-02-18T08:58:56","guid":{"rendered":"https:\/\/litolopez.com\/politique-relative-aux-cookies\/"},"modified":"2024-03-20T06:35:40","modified_gmt":"2024-03-20T06:35:40","slug":"politique-relative-aux-cookies","status":"publish","type":"page","link":"https:\/\/litolopez.com\/fr\/politique-relative-aux-cookies\/","title":{"rendered":"Politique relative aux cookies"},"content":{"rendered":"\t\t<div data-elementor-type=\"wp-page\" data-elementor-id=\"2628\" class=\"elementor elementor-2628 elementor-1316\" data-elementor-post-type=\"page\">\n\t\t\t\t<div class=\"elementor-element elementor-element-12dceddd e-flex e-con-boxed e-con e-parent\" data-id=\"12dceddd\" data-element_type=\"container\" data-e-type=\"container\">\n\t\t\t\t\t<div class=\"e-con-inner\">\n\t\t<div class=\"elementor-element elementor-element-4a129f2a e-flex e-con-boxed e-con e-child\" data-id=\"4a129f2a\" data-element_type=\"container\" data-e-type=\"container\">\n\t\t\t\t\t<div class=\"e-con-inner\">\n\t\t\t\t<div class=\"elementor-element elementor-element-593a926 elementor-widget elementor-widget-heading\" data-id=\"593a926\" data-element_type=\"widget\" data-e-type=\"widget\" data-widget_type=\"heading.default\">\n\t\t\t\t<div class=\"elementor-widget-container\">\n\t\t\t\t\t<h5 class=\"elementor-heading-title elementor-size-default\">Politique relative aux cookies<\/h5>\t\t\t\t<\/div>\n\t\t\t\t<\/div>\n\t\t\t\t\t<\/div>\n\t\t\t\t<\/div>\n\t\t\t\t<div class=\"elementor-element elementor-element-6e3020a0 elementor-widget elementor-widget-text-editor\" data-id=\"6e3020a0\" data-element_type=\"widget\" data-e-type=\"widget\" data-widget_type=\"text-editor.default\">\n\t\t\t\t<div class=\"elementor-widget-container\">\n\t\t\t\t\t\t\t\t\t<p>Conform\u00e9ment \u00e0 la r\u00e9glementation espagnole r\u00e9gissant l&rsquo;utilisation des cookies dans le cadre de la fourniture de services de communications \u00e9lectroniques, contenue dans le d\u00e9cret-loi royal 13\/2012 du 30 mars, nous vous informons des cookies utilis\u00e9s sur le site web de Litolopez (\u00e9galement le fournisseur) et de la raison de leur utilisation. Il vous informe \u00e9galement qu&rsquo;en naviguant sur le site Web, vous donnez votre consentement \u00e0 leur utilisation.<\/p>\n<p><b>Tous sur les Cookies<br \/><\/b>Un cookie est un fichier qui est t\u00e9l\u00e9charg\u00e9 sur votre ordinateur lorsque vous acc\u00e9dez \u00e0 certains sites web. Les cookies permettent \u00e0 un site web, entre autres, de stocker et de r\u00e9cup\u00e9rer des informations sur les habitudes de navigation d&rsquo;un utilisateur ou sur son \u00e9quipement et, en fonction des informations qu&rsquo;ils contiennent et de la mani\u00e8re dont il utilise son \u00e9quipement, ils peuvent \u00eatre utilis\u00e9s pour reconna\u00eetre l&rsquo;utilisateur. Les cookies sont uniquement associ\u00e9s \u00e0 un utilisateur anonyme et \u00e0 son ordinateur ou appareil et ne fournissent pas de r\u00e9f\u00e9rences permettant de conna\u00eetre ses donn\u00e9es personnelles.<\/p>\n<p><b>LES COOKIES CONCERN\u00c9S PAR LA R\u00c9GLEMENTATION ET LES COOKIES EXTERNES.<br \/><\/b>Selon la directive europ\u00e9enne, les cookies qui requi\u00e8rent le consentement \u00e9clair\u00e9 de l&rsquo;utilisateur sont les cookies analytiques et les cookies publicitaires et d&rsquo;affiliation, \u00e0 l&rsquo;exception des cookies de nature technique et de ceux qui sont n\u00e9cessaires au fonctionnement du site web ou \u00e0 la prestation de services express\u00e9ment demand\u00e9s par l&rsquo;utilisateur. Vous pouvez consulter la r\u00e9glementation publi\u00e9e par l&rsquo;Agence espagnole de protection des donn\u00e9es dans son \u00ab\u00a0Guide sur l&rsquo;utilisation des cookies\u00a0\u00bb et obtenir plus d&rsquo;informations sur les cookies sur Internet, http:\/\/www.aboutcookies.org\/. Si vous souhaitez avoir un plus grand contr\u00f4le sur cette question, vous pouvez installer des programmes ou des compl\u00e9ments \u00e0 votre navigateur, connus sous le nom d&rsquo;outils \u00ab\u00a0Do Not Track\u00a0\u00bb, qui vous permettront de choisir ceux que vous souhaitez autoriser.<\/p>\n<p><b>Types de Cookies:<br \/><\/b>a) En fonction de l&rsquo;entit\u00e9 qui les g\u00e8re, on distingue les cookies de premi\u00e8re partie (ceux qui sont envoy\u00e9s \u00e0 l&rsquo;\u00e9quipement terminal de l&rsquo;utilisateur \u00e0 partir d&rsquo;un ordinateur ou d&rsquo;un domaine g\u00e9r\u00e9 par l&rsquo;\u00e9diteur lui-m\u00eame et \u00e0 partir duquel le service demand\u00e9 par l&rsquo;utilisateur est fourni) et les cookies de tierce partie (ceux qui sont envoy\u00e9s \u00e0 l&rsquo;\u00e9quipement terminal de l&rsquo;utilisateur \u00e0 partir d&rsquo;un ordinateur ou d&rsquo;un domaine qui n&rsquo;est pas g\u00e9r\u00e9 par l&rsquo;\u00e9diteur, mais par une autre entit\u00e9 qui traite les donn\u00e9es obtenues par le biais des cookies).<br \/>b) En fonction de leur dur\u00e9e d&rsquo;activit\u00e9, on distingue les cookies de session (con\u00e7us pour collecter et stocker des donn\u00e9es pendant que l&rsquo;utilisateur acc\u00e8de \u00e0 une page web) et les cookies persistants (dans lesquels les donn\u00e9es sont stock\u00e9es dans le terminal et peuvent \u00eatre consult\u00e9es et trait\u00e9es pendant une p\u00e9riode d\u00e9finie par le responsable du cookie, qui peut aller de quelques minutes \u00e0 plusieurs ann\u00e9es).<br \/>(c) en fonction de la finalit\u00e9 pour laquelle ils traitent les informations qu&rsquo;ils collectent.<br \/>-Cookies techniques : ces cookies permettent \u00e0 l&rsquo;utilisateur de naviguer sur le site web et d&rsquo;utiliser les diff\u00e9rentes options ou services qui y sont propos\u00e9s, comme, par exemple, l&rsquo;identification de la session, l&rsquo;acc\u00e8s \u00e0 des zones restreintes, l&rsquo;authentification de l&rsquo;utilisateur, la r\u00e9alisation du processus d&rsquo;achat d&rsquo;une commande ou le partage de contenus via les r\u00e9seaux sociaux.<br \/>-Cookies de personnalisation : il s&rsquo;agit de cookies qui permettent \u00e0 l&rsquo;utilisateur d&rsquo;acc\u00e9der au service avec des caract\u00e9ristiques pr\u00e9d\u00e9finies, telles que la langue, le type de navigateur, la configuration r\u00e9gionale, etc.<br \/>-Cookies d&rsquo;analyse : ces cookies nous permettent de suivre et d&rsquo;analyser le comportement des utilisateurs de notre site web. Nous utilisons les services de Google Analytics pour effectuer ces analyses. Les conditions de ces services peuvent \u00eatre consult\u00e9es \u00e0 l&rsquo;adresse suivante : Google Analytics (types de cookies Google, cookies Google Analytics).<br \/>-Cookies publicitaires : ils nous permettent de g\u00e9rer de la mani\u00e8re la plus efficace possible les espaces publicitaires sur notre site web, sur la base de crit\u00e8res tels que le contenu \u00e9dit\u00e9 ou la fr\u00e9quence d&rsquo;affichage des publicit\u00e9s. \u00c0 cette fin, le service DoubleClick de Google est (parfois) utilis\u00e9, dont les conditions d&rsquo;utilisation peuvent \u00eatre consult\u00e9es aux adresses suivantes : Google advertising cookies, et DoubleClick cookies.<br \/>Les cookies de re-marketing : en ins\u00e9rant un pixel ou une balise, les visites des utilisateurs sur notre site web sont enregistr\u00e9es afin que des publicit\u00e9s sur nos produits et\/ou services apparaissent sur la timeline de leurs r\u00e9seaux sociaux (Twitter et\/ou Facebook). Les r\u00e9seaux sociaux sont responsables de l&rsquo;enregistrement et de la conservation des informations pendant 90 \u00e0 180 jours. Les conditions applicables \u00e0 ces services peuvent \u00eatre consult\u00e9es sur : Twitter et Facebook.<br \/>-Cookies sociaux : il s&rsquo;agit de cookies que les fournisseurs de services de r\u00e9seaux sociaux peuvent installer lorsque l&rsquo;utilisateur choisit de partager certains contenus de notre site web sur le r\u00e9seau social qu&rsquo;ils exploitent. Les conditions d&rsquo;utilisation de ces services peuvent \u00eatre consult\u00e9es aux adresses suivantes : Facebook, Twitter, Google Plus et Youtube, Instagram, Vimeo et LinkedIn.<br \/>-Cookies d&rsquo;affiliation : ils permettent de suivre les visites d&rsquo;autres sites web avec lesquels le site web a un contrat d&rsquo;affiliation. Les cookies utilis\u00e9s sur notre site web sont des cookies de session et de tiers, qui nous permettent de stocker et d&rsquo;acc\u00e9der \u00e0 des informations relatives \u00e0 la langue, au type de navigateur utilis\u00e9 et \u00e0 d&rsquo;autres caract\u00e9ristiques g\u00e9n\u00e9rales pr\u00e9d\u00e9finies par l&rsquo;utilisateur, ainsi que de suivre et d&rsquo;analyser l&rsquo;activit\u00e9 r\u00e9alis\u00e9e par l&rsquo;utilisateur afin d&rsquo;am\u00e9liorer et de fournir nos services de mani\u00e8re plus efficace et personnalis\u00e9e.<br \/>Les cookies utilis\u00e9s sont, en tout \u00e9tat de cause, de nature temporaire, dans le seul but de rendre la navigation plus efficace. Ces cookies ne fournissent en aucun cas des donn\u00e9es personnelles et ne sont pas utilis\u00e9s pour collecter de telles donn\u00e9es. L&rsquo;utilisation de cookies pr\u00e9sente des avantages tels que : faciliter la navigation de l&rsquo;utilisateur et l&rsquo;acc\u00e8s aux diff\u00e9rents services offerts par ce site ; \u00e9viter \u00e0 l&rsquo;utilisateur d&rsquo;avoir \u00e0 configurer les caract\u00e9ristiques g\u00e9n\u00e9rales pr\u00e9d\u00e9finies \u00e0 chaque fois qu&rsquo;il acc\u00e8de au site ; aider \u00e0 am\u00e9liorer le fonctionnement et les services fournis par ce site, suite \u00e0 l&rsquo;analyse correspondante de l&rsquo;information obtenue par le biais des cookies install\u00e9s. En acc\u00e9dant \u00e0 notre site, vous \u00eates inform\u00e9 que si vous continuez \u00e0 naviguer, divers cookies de tiers seront install\u00e9s, consentant ainsi \u00e0 l&rsquo;installation de certains cookies dont le seul but est d&rsquo;enregistrer l&rsquo;acc\u00e8s \u00e0 notre site afin de r\u00e9aliser des statistiques anonymes sur les visites, en compilant toujours les informations de mani\u00e8re anonyme. Il n&rsquo;est pas n\u00e9cessaire d&rsquo;accepter l&rsquo;installation de ces cookies, vous pourrez toujours naviguer sur notre site.<br \/>Cookies utilis\u00e9s sur ce site web &#8211; Cookies de session : pour s&rsquo;assurer que les utilisateurs qui publient des commentaires sur le blog ou soumettent des formulaires sont des \u00eatres humains et non des applications automatis\u00e9es. C&rsquo;est ainsi que l&rsquo;on lutte contre le spam.<br \/>Cookies de tiers : ils sont envoy\u00e9s \u00e0 l&rsquo;\u00e9quipement terminal de l&rsquo;utilisateur depuis un ordinateur ou un domaine qui n&rsquo;est pas g\u00e9r\u00e9 par Litolopez mais par une autre entit\u00e9 qui traite les donn\u00e9es obtenues par le biais des cookies. a) Google Analytics : pour m&rsquo;aider \u00e0 analyser l&rsquo;utilisation que les utilisateurs font du site Web et \u00e0 am\u00e9liorer sa convivialit\u00e9, en aucun cas ils ne sont associ\u00e9s \u00e0 des donn\u00e9es permettant d&rsquo;identifier l&rsquo;utilisateur. Google Analytics est un service d&rsquo;analyse du Web fourni par Google, Inc, une soci\u00e9t\u00e9 du Delaware dont le si\u00e8ge social est situ\u00e9 au 1600 Amphitheatre Parkway, Mountain View (California), CA 94043, \u00c9tats-Unis (\u00a0\u00bb Google \u00ab\u00a0). Vous pouvez consulter ici le type de cookies utilis\u00e9s par Google. Vous pouvez refuser l&rsquo;utilisation de ces cookies en modifiant les param\u00e8tres de votre navigateur ; toutefois, veuillez noter qu&rsquo;il se peut que vous ne puissiez pas utiliser toutes les fonctionnalit\u00e9s de notre site web. En utilisant ce site, vous consentez express\u00e9ment au traitement de vos donn\u00e9es nominatives par Google dans les conditions d\u00e9crites ci-dessus. Vous trouverez plus d&rsquo;informations sur ce service en cliquant sur le lien suivant : http:\/\/www.google.com\/analytics<br \/>b) R\u00e9seaux sociaux : chaque r\u00e9seau social utilise ses propres cookies pour vous permettre de cliquer sur les boutons \u00ab\u00a0J&rsquo;aime\u00a0\u00bb ou \u00ab\u00a0Partager\u00a0\u00bb.<br \/>G\u00e9rer vos cookies Si l&rsquo;utilisateur souhaite r\u00e9voquer le consentement donn\u00e9, il doit supprimer les cookies install\u00e9s et, le cas \u00e9ch\u00e9ant, modifier ses pr\u00e9f\u00e9rences en mati\u00e8re d&rsquo;acceptation des cookies par le biais des options de son navigateur. Pour emp\u00eacher leur installation \u00e0 l&rsquo;avenir, vous devez activer les options \u00ab\u00a0Navigation priv\u00e9e\u00a0\u00bb ou \u00ab\u00a0Do-Not-Track\u00a0\u00bb pr\u00e9vues dans votre navigateur, c&rsquo;est-\u00e0-dire bloquer ou d\u00e9sactiver l&rsquo;installation des cookies. Pour autoriser, bloquer ou supprimer les cookies install\u00e9s sur votre ordinateur ou dispositif en configurant les options du navigateur qui y est install\u00e9, vous devez suivre les instructions fournies par le navigateur lui-m\u00eame. Vous trouverez ci-dessous les liens pour configurer les cookies des navigateurs les plus populaires : Internet Explorer : Supprimer et g\u00e9rer les cookies -&gt; https:\/\/support.microsoft.com\/es-es\/help\/17442\/windows-internet-explorer-delete-manage-cookies#ie=ie-10<br \/>-Mozilla Firefox: Supprimer et bloquer les cookies \u2013&gt; https:\/\/support.mozilla.org\/es\/kb\/Borrar%20cookies -Google Chrome: Supprimer, activer et g\u00e9rer cookies \u2013&gt; https:\/\/support.google.com\/chrome\/answer\/95647?hl=es -Opera:Opcions de cookies \u2013&gt; https:\/\/help.opera.com\/en\/latest\/web-preferences\/#cookies -Safari: Gerer cookies en Mac \u2013&gt; https:\/\/support.apple.com\/es-es\/guide\/safari\/sfri11471\/mac -iPhone, iPad o iPod Touch \u2013&gt; https:\/\/support.apple.com\/es-es\/HT201265<br \/>Ces navigateurs font l&rsquo;objet de mises \u00e0 jour ou de modifications, et nous ne pouvons donc pas garantir qu&rsquo;ils seront enti\u00e8rement compatibles avec la version de votre navigateur. Vous pouvez \u00e9galement utiliser un autre navigateur qui n&rsquo;est pas couvert par ces liens, tel que Konqueror, Arora, Flock, etc. Pour \u00e9viter ces discordances, vous pouvez y acc\u00e9der directement \u00e0 partir des options de votre navigateur, g\u00e9n\u00e9ralement dans le menu \u00ab\u00a0Options\u00a0\u00bb, dans la section \u00ab\u00a0Vie priv\u00e9e\u00a0\u00bb. (Veuillez consulter l&rsquo;aide de votre navigateur pour plus d&rsquo;informations).<br \/>Si vous ne souhaitez pas que les sites web placent des cookies sur votre ordinateur, vous pouvez ajuster les param\u00e8tres de votre navigateur de mani\u00e8re \u00e0 \u00eatre averti avant que des cookies ne soient plac\u00e9s. Vous pouvez \u00e9galement r\u00e9gler les param\u00e8tres de votre navigateur de mani\u00e8re \u00e0 ce qu&rsquo;il rejette tous les cookies ou uniquement les cookies de tiers. Vous pouvez \u00e9galement supprimer les cookies d\u00e9j\u00e0 pr\u00e9sents sur votre ordinateur. Veuillez noter que vous devrez adapter les param\u00e8tres s\u00e9par\u00e9ment pour chaque navigateur et chaque ordinateur que vous utilisez.<br \/>Veuillez noter que si vous ne souhaitez pas recevoir de cookies, nous ne pouvons plus garantir le bon fonctionnement de notre site web. Certaines fonctions du site peuvent \u00eatre perdues et il se peut que vous ne puissiez plus consulter certains sites web. Par ailleurs, le fait de refuser les cookies ne signifie pas que vous ne verrez plus de publicit\u00e9s. Les publicit\u00e9s ne correspondront tout simplement pas \u00e0 vos int\u00e9r\u00eats et seront r\u00e9p\u00e9t\u00e9es plus fr\u00e9quemment.<br \/>Chaque navigateur dispose d&rsquo;une m\u00e9thode diff\u00e9rente pour adapter les param\u00e8tres. Si n\u00e9cessaire, consultez la fonction d&rsquo;aide du navigateur pour d\u00e9finir les param\u00e8tres corrects. Pour d\u00e9sactiver les cookies sur votre t\u00e9l\u00e9phone portable, veuillez consulter le manuel de votre appareil pour plus d&rsquo;informations. Vous pouvez en savoir plus sur les cookies sur Internet, https:\/\/www.aboutcookies.org\/.<br \/>Compte tenu du fonctionnement de l&rsquo;internet et des sites web, nous ne disposons pas toujours d&rsquo;informations sur les cookies plac\u00e9s par des tiers sur notre site web. Cela s&rsquo;applique en particulier aux cas o\u00f9 notre site web contient des \u00e9l\u00e9ments dits \u00ab\u00a0int\u00e9gr\u00e9s\u00a0\u00bb : textes, documents, images ou courts m\u00e9trages qui sont stock\u00e9s ailleurs, mais qui sont affich\u00e9s sur ou via notre site web.<br \/>Par cons\u00e9quent, si vous rencontrez de tels cookies sur ce site web et qu&rsquo;ils ne figurent pas dans la liste ci-dessus, veuillez nous en informer. Vous pouvez \u00e9galement contacter directement le tiers pour lui demander des informations sur les cookies qu&rsquo;il installe, leur finalit\u00e9 et leur dur\u00e9e, ainsi que sur la mani\u00e8re dont il a assur\u00e9 votre protection de la vie priv\u00e9e.<\/p>\n\t\t\t\t\t\t\t\t<\/div>\n\t\t\t\t<\/div>\n\t\t\t\t\t<\/div>\n\t\t\t\t<\/div>\n\t\t\t\t<\/div>\n\t\t","protected":false},"excerpt":{"rendered":"<p>Politique relative aux cookies Conform\u00e9ment \u00e0 la r\u00e9glementation espagnole r\u00e9gissant l&rsquo;utilisation des cookies dans le cadre de la fourniture de services de communications \u00e9lectroniques, contenue dans le d\u00e9cret-loi royal 13\/2012 du 30 mars, nous vous informons des cookies utilis\u00e9s sur le site web de Litolopez (\u00e9galement le fournisseur) et de la raison de leur utilisation. [&hellip;]<\/p>\n","protected":false},"author":1,"featured_media":0,"parent":0,"menu_order":0,"comment_status":"closed","ping_status":"closed","template":"","meta":{"footnotes":""},"class_list":["post-2628","page","type-page","status-publish","hentry"],"_links":{"self":[{"href":"https:\/\/litolopez.com\/fr\/wp-json\/wp\/v2\/pages\/2628","targetHints":{"allow":["GET"]}}],"collection":[{"href":"https:\/\/litolopez.com\/fr\/wp-json\/wp\/v2\/pages"}],"about":[{"href":"https:\/\/litolopez.com\/fr\/wp-json\/wp\/v2\/types\/page"}],"author":[{"embeddable":true,"href":"https:\/\/litolopez.com\/fr\/wp-json\/wp\/v2\/users\/1"}],"replies":[{"embeddable":true,"href":"https:\/\/litolopez.com\/fr\/wp-json\/wp\/v2\/comments?post=2628"}],"version-history":[{"count":4,"href":"https:\/\/litolopez.com\/fr\/wp-json\/wp\/v2\/pages\/2628\/revisions"}],"predecessor-version":[{"id":2847,"href":"https:\/\/litolopez.com\/fr\/wp-json\/wp\/v2\/pages\/2628\/revisions\/2847"}],"wp:attachment":[{"href":"https:\/\/litolopez.com\/fr\/wp-json\/wp\/v2\/media?parent=2628"}],"curies":[{"name":"wp","href":"https:\/\/api.w.org\/{rel}","templated":true}]}}